{"id":52,"date":"2018-05-18T15:00:15","date_gmt":"2018-05-18T15:00:15","guid":{"rendered":"http:\/\/demokratie.filmconsult.de\/?page_id=52"},"modified":"2018-05-24T15:03:07","modified_gmt":"2018-05-24T15:03:07","slug":"datenschutzerklaerung","status":"publish","type":"page","link":"https:\/\/filmconsult.de\/?page_id=52","title":{"rendered":"Datenschutzhinweis"},"content":{"rendered":"<h3>Datenschutzerkl\u00e4rung<\/h3>\n<p>Mit dieser Datenschutzerkl\u00e4rung kl\u00e4ren wir Sie \u00fcber die Art, den Umfang und Zweck der Verarbeitung von personenbezogenen Daten unserer Onlinepr\u00e4senz und mit ihr in Verbindung stehender Webseiten, Funktionen und Inhalte auf. Die verwendeten Begrifflichkeiten folgen den Definitionen des Art. 4 der Datenschutzgrundverordnung (DSGVO).<\/p>\n<p>Dem Art. 13 DSGVO folgend teilen wir Ihnen die Rechtsgrundlagen unserer Datenverarbeitungen mit. Die Rechtsgrundlagen sind: Art. 6 Abs. 1 lit. a und Art. 7 DSGVO (Einholung von Einwilligungen), Art. 6 Abs. 1 lit. b DSGVO (Verarbeitung zur Erf\u00fcllung unserer Leistungen und Durchf\u00fchrung vertraglicher Ma\u00dfnahmen sowie Beantwortung von Anfragen), Art. 6 Abs. 1 lit. c DSGVO (Verarbeitung zur Erf\u00fcllung unserer rechtlichen Verpflichtungen), Art. 6 Abs. 1 lit. f DSGVO (Verarbeitung zur Wahrung unserer berechtigten Interessen), des weiteren gilt Art. 6 Abs. 1 lit. d DSGVO als Rechtsgrundlage. Weitere Artikel der DSGVO werden an entsprechender Stelle gesondert benannt.<\/p>\n<h3>Wer wir sind<\/h3>\n<p>Die Adresse unserer Website ist: http:\/\/filmconsult.de.<\/p>\n<p>Gert Rahn<br \/>\nLeonhardtstra\u00dfe 8<br \/>\n14057 Berlin<br \/>\n<a href=\"info@filmconsult.de\">info@filmconsult.de<\/a><\/p>\n<h3>Eingebettete Inhalte von anderen Websites<\/h3>\n<p>Beitr\u00e4ge auf dieser Website k\u00f6nnen eingebettete Inhalte beinhalten (z.\u00a0B. Videos, Bilder, Beitr\u00e4ge etc.). Eingebettete Inhalte von anderen Websites verhalten sich exakt so, als ob der Besucher die andere Website besucht h\u00e4tte.<\/p>\n<p>Diese Websites k\u00f6nnen Daten \u00fcber Sie sammeln, Cookies benutzen, zus\u00e4tzliche Tracking-Dienste von Dritten einbetten und Ihre Interaktion mit diesem eingebetteten Inhalt aufzeichnen, inklusive Ihrer Interaktion mit dem eingebetteten Inhalt, falls Sie ein Konto haben und auf dieser Website angemeldet sind.<\/p>\n<p>Wenn Landkarten von \u201cGoogle Maps\u201d (Google LLC, 1600 Amphitheatre Parkway, Mountain View, CA 94043, USAeingebunden sind geh\u00f6ren zu den verarbeiteten Daten insbesondere IP-Adressen und Standortdaten der Nutzer, zu deren Nutzung jedoch Ihre Einwilligung n\u00f6tig ist (kann auch im Rahmen der Einstellungen ihrer Mobilger\u00e4te vollzogen werden). Die Daten k\u00f6nnen in den USA verarbeitet werden. Datenschutzerkl\u00e4rung:\u00a0<a href=\"https:\/\/www.google.com\/policies\/privacy\/\">https:\/\/www.google.com\/policies\/privacy\/<\/a>, Opt-Out:\u00a0<a href=\"https:\/\/adssettings.google.com\/authenticated\">https:\/\/adssettings.google.com\/authenticated<\/a>.<\/p>\n<p>Wir binden zeitweise Videos von \u201cYouTube\u201d (Google LLC, 1600 Amphitheatre Parkway, Mountain View, CA 94043, USA) ein. Datenschutzerkl\u00e4rung:\u00a0<a href=\"https:\/\/www.google.com\/policies\/privacy\/\">https:\/\/www.google.com\/policies\/privacy\/<\/a>, Opt-Out:\u00a0<a href=\"https:\/\/adssettings.google.com\/authenticated\">https:\/\/adssettings.google.com\/authenticated<\/a>.<\/p>\n<h3>Welche Rechte Sie an Ihren Daten haben<\/h3>\n<p>Sie k\u00f6nnen die L\u00f6schung aller personenbezogenen Daten, die wir von Ihnen gespeichert haben, anfordern, sie vervollst\u00e4ndigen oder berichtigen zu lassen oder sie l\u00f6schen zu lassen. Dies umfasst nicht die Daten, die wir aufgrund administrativer, rechtlicher oder sicherheitsrelevanter Notwendigkeiten aufbewahren m\u00fcssen.<\/p>\n<p>Nach Art. 7 Abs. 3 DSGVO haben Sie das Recht alle erteilten Einwilligungen mit Wirkung f\u00fcr die Zukunft zu widerrufen.<\/p>\n<p>Nach Art. 21 DSGVO k\u00f6nnen Sie der Verarbeitung Ihrer Daten mit Wirkung f\u00fcr die Zukunft jederzeit widersprechen.<\/p>\n<h3>Welche personenbezogenen Daten wir sammeln und warum wir sie sammeln<\/h3>\n<p>Betroffen sind Besucher bzw. Nutzer unserer Onlinepr\u00e4senz. Als Verarbeitung zu verstehen ist jeder ausgef\u00fchrte Vorgang im Zusammenhang mit personenbezogenen Daten, also praktisch jeder Umgang mit Daten. Die verarbeiteten personenbezogenen Daten k\u00f6nnen sein: Bestandsdaten wie Namen und Adressen, Kontaktdaten wie e-Mail und Telefonnummern, Meta- und Kommunikationsdaten wie Ger\u00e4te-Informationen und IP-Adressen, Inhaltsdaten wie Texteingaben und Bildmaterial, Nutzungsdaten wie besuchte Webseiten und Inhalte, Zugriffszeiten. Diese Daten werden verarbeitet zum Zweck der Zurverf\u00fcgungstellung des Onlineangebotes, seiner Funktionen und Inhalte, sowie f\u00fcr die Beantwortung von Kontaktanfragen und Kommunikation mit Nutzern. Desweiteren dient die Verarbeitung der Reichweitenmessung, dem Marketing und der Einhaltung von Sicherheitsma\u00dfnahmen.<\/p>\n<h3>Wie wir Ihre Daten sch\u00fctzen<\/h3>\n<p>Um einen Schutz der im Art. 32 DSGVO genannten Risiken angemessen zu erf\u00fcllen, treffen wir geeignete Ma\u00dfnahmen in technischer wie organisatorischer Hinsicht. Die Wahl der Ma\u00dfnahmen erfolgt dabei unter Ber\u00fccksichtigung der technischen M\u00f6glichkeiten und ihrer Effizienz, den Verarbeitungsparametern und orientiert sich an den variierenden Wahrscheinlichkeiten und Schweren der Risiken f\u00fcr die Rechte und Freiheiten betroffener Personen. Unsere Ma\u00dfnahmen dienen der Sicherung der Vertraulichkeit, Integrit\u00e4t und Verf\u00fcgbarkeit von Daten, indem wir den physischen Zugang zu ihnen und den Zugriff auf sie kontrollieren, wie auch ihre Eingabe, Weitergabe, die Sicherung ihrer Verf\u00fcgbarkeit und ihre Trennung.<\/p>\n<h3>Welche Ma\u00dfnahmen wir bei Datenschutzverletzungen anbieten<\/h3>\n<p>Wir haben ein Verfahren zur Gew\u00e4hrleistung der Wahrnehmung von Betroffenenrechten, das L\u00f6schen von Daten und f\u00fcr die Reaktion auf Gef\u00e4hrdung der Daten eingerichtet. Gem\u00e4\u00df Art. 25 DSGVO ber\u00fccksichtigen wir den Schutz personenbezogener Daten bereits bei der Auswahl von Hard- und Software, wie auch durch Verfahren und &#8211; entsprechend dem Prinzip des Datenschutzes &#8211; durch Technikgestaltung und durch datenschutzfreundliche Voreinstellungen.<\/p>\n<h3>Analysedienste<\/h3>\n<p>Wir setzen \u201e<a href=\"https:\/\/support.google.com\/analytics\/answer\/2790010?hl=de&amp;ref_topic=6010376\">Universal-Analytics<\/a>\u201c (Google Analytics ) ein. Dieses Verfahren von Google Analytics analysiert das Nutzerverhalten auf Grundlage einer pseudonymen Nutzer-ID und erstellt damit ein pseudonymes Profil des Nutzers mit Informationen aus der Nutzung verschiedener Ger\u00e4te (Cross-Device-Tracking).<\/p>\n<p>Desweiteren setzen wir auf Grundlage unserer berechtigten Interessen Google Analytics, einen Webanalysedienst der Google LLC (\u201eGoogle\u201c) ein zur Analyse, Optimierung und Gew\u00e4hrleistung des wirtschaftlichen Betriebs unserer Onlineanpr\u00e4senz (gem. Art. 6 Abs. 1 lit. f. DSGVO). Die zu diesem Zweck von Google eingesetzten Cookies erzeugen Informationen \u00fcber die Benutzung der Onlinepr\u00e4senz durch die Nutzer. Diese Informationen werden in der Regel an einen Server von Google in den USA \u00fcbertragen und dort gespeichert. Google ist unter dem Privacy-Shield-Abkommen zertifiziert und bietet dadurch eine Garantie, das europ\u00e4ische Datenschutzrecht einzuhalten: (<a href=\"https:\/\/www.privacyshield.gov\/participant?id=a2zt000000001L5AAI&amp;status=Active\">https:\/\/www.privacyshield.gov\/participant?id=a2zt000000001L5AAI&amp;status=Active<\/a>).<\/p>\n<p>Google wird diese Informationen in unserem Auftrag benutzen und: wertet die Nutzung unserer Onlineanpr\u00e4senz durch die Nutzer aus; stellt Berichte \u00fcber die Aktivit\u00e4ten innerhalb dieser Onlineanpr\u00e4senz zusammen; erbringt uns gegen\u00fcber weitere mit der Nutzung dieser Onlinepr\u00e4senz und der Internetnutzung verbundene Dienstleistungen. Aus den verarbeiteten Daten k\u00f6nnen so pseudonyme Nutzungsprofile der Nutzer erstellt werden.<\/p>\n<h3>Mit wem wir Ihre Daten teilen<\/h3>\n<p>Wenn wir im Rahmen unserer Verarbeitung Daten gegen\u00fcber anderen Personen und Unternehmen (Auftragsverarbeitern oder Dritten) offenbaren, \u00fcbermitteln oder ihnen anderweitig Zugriff auf die Daten gew\u00e4hren, erfolgt dies gem\u00e4\u00df DSGVO nur auf Grundlage einer gesetzlichen Erlaubnis, oder wenn Sie eingewilligt haben, eine rechtliche Verpflichtung dies vorsieht oder auf Grundlage der Wahrnehmung unserer berechtigten Interessen (z.B. beim Einsatz von Beauftragten, Webhostern, etc. s. Art. 6 Abs. 1 lit. b DSGVO). Im Falle der Verarbeitung von Daten in unserem Auftrag durch Dritte geschieht dies auf Grundlage eines \u201eAuftragsverarbeitungsvertrages\u201c gem\u00e4\u00df Art. 28 DSGVO. Wenn Sie unsere Webseite besuchen \u00fcbermittelt das Ger\u00e4t, mit dem Sie die Seite aufrufen, automatisch Log-Daten (Verbindungsdaten) an den Server, auf dem unsere Onlinepr\u00e4senz gehostet ist. Das ist insbesondere der Fall, wenn Sie bestellen, wenn Sie sich einloggen oder wenn Sie Daten hoch- oder runterladen. Log-Daten werden von diesen Servern auch erfasst, wenn Besucher unsere Webseiten aufrufen. Log-Daten enthalten die IP-Adresse des Ger\u00e4tes, mit dem auf die Website oder einen Dienst zugegriffen wird, die Art des Browsers, mit dem dies geschieht, die Webseite, die zuvor besucht wurde, sowie die Systemkonfiguration des zugreifenden Ger\u00e4tes wie auch Datum und Zeitangaben. Der\u00a0Webhoster speichert IP-Adressen nur, soweit es zur Erbringung der Dienste erforderlich ist. Ansonsten werden die IP-Adressen gel\u00f6scht oder anonymisiert. Die IP-Adressen der Besucher unserer Onlinepr\u00e4senz speichert der Webhoster zur Erkennung und Abwehr von Angriffen maximal 7 Tage.<\/p>\n<h3>Wohin wir Ihre Daten senden<\/h3>\n<p>Nur bei Vorliegen der besonderen Voraussetzungen der Art. 44 ff. DSGVO kann es dazu kommen, dass wir Ihre Daten in einem Drittland verarbeiten oder verarbeiten lassen, dies aber nur auf der Grundlage besonderer Garantien eines Datenschutzniveaus wie dem der EU entsprechend. F\u00fcr diesen Fall bedarf es Ihrer Einwilligung oder es geschieht aufgrund einer rechtlichen Verpflichtung.<\/p>\n<h3>Ihre Kontakt-Informationen<\/h3>\n<p>Wenn Sie mit uns per e-Mail, Telefon oder anderweitig Kontakt aufnehmen werden die Angaben \u00fcber Sie zur Bearbeitung und Abwicklung gem. Art. 6 Abs. 1 lit. b) DSGVO verarbeitet. Diese Angaben k\u00f6nnen in einem Customer-Relationship-Management System oder vergleichbar organisiert gespeichert werden.<\/p>\n<p>Wir l\u00f6schen die Anfragen, sofern diese nicht mehr erforderlich sind. Wir \u00fcberpr\u00fcfen die Erforderlichkeit alle zwei Jahre; Ferner gelten die gesetzlichen Archivierungspflichten.<\/p>\n<h3>Weitere Informationen<\/h3>\n<p>Zus\u00e4tzlich verarbeiten wir zum Zweck des Service und Kundenpflege, Marketing, Werbung und Marktforschung, sowie zur Erf\u00fcllung unserer Leistungen alle n\u00f6tigen Vertragsdaten wie Vertragsgegenstand, Laufzeit, und Zahlungsdaten wie Bankverbindung und Zahlungshistorie<\/p>\n<p>von unseren Kunden, Interessenten und Gesch\u00e4ftspartnern.<\/p>\n<h4><\/h4>\n<h3><\/h3>\n","protected":false},"excerpt":{"rendered":"<p>Datenschutzerkl\u00e4rung Mit dieser Datenschutzerkl\u00e4rung kl\u00e4ren wir Sie \u00fcber die Art, den Umfang und Zweck der Verarbeitung von personenbezogenen Daten unserer Onlinepr\u00e4senz und mit ihr in Verbindung stehender Webseiten, Funktionen und Inhalte auf. Die verwendeten Begrifflichkeiten folgen den Definitionen des Art. 4 der Datenschutzgrundverordnung (DSGVO). Dem Art. 13 DSGVO folgend teilen wir Ihnen die Rechtsgrundlagen unserer&hellip; <\/p>\n<p><a class=\"moretag\" href=\"https:\/\/filmconsult.de\/?page_id=52\">Read the full article<\/a><\/p>\n","protected":false},"author":1,"featured_media":0,"parent":0,"menu_order":0,"comment_status":"closed","ping_status":"closed","template":"","meta":{"footnotes":""},"_links":{"self":[{"href":"https:\/\/filmconsult.de\/index.php?rest_route=\/wp\/v2\/pages\/52"}],"collection":[{"href":"https:\/\/filmconsult.de\/index.php?rest_route=\/wp\/v2\/pages"}],"about":[{"href":"https:\/\/filmconsult.de\/index.php?rest_route=\/wp\/v2\/types\/page"}],"author":[{"embeddable":true,"href":"https:\/\/filmconsult.de\/index.php?rest_route=\/wp\/v2\/users\/1"}],"replies":[{"embeddable":true,"href":"https:\/\/filmconsult.de\/index.php?rest_route=%2Fwp%2Fv2%2Fcomments&post=52"}],"version-history":[{"count":33,"href":"https:\/\/filmconsult.de\/index.php?rest_route=\/wp\/v2\/pages\/52\/revisions"}],"predecessor-version":[{"id":148,"href":"https:\/\/filmconsult.de\/index.php?rest_route=\/wp\/v2\/pages\/52\/revisions\/148"}],"wp:attachment":[{"href":"https:\/\/filmconsult.de\/index.php?rest_route=%2Fwp%2Fv2%2Fmedia&parent=52"}],"curies":[{"name":"wp","href":"https:\/\/api.w.org\/{rel}","templated":true}]}}