{"id":28,"date":"2018-05-16T14:42:36","date_gmt":"2018-05-16T14:42:36","guid":{"rendered":"http:\/\/demokratie.filmconsult.de\/?page_id=28"},"modified":"2021-03-22T11:09:03","modified_gmt":"2021-03-22T11:09:03","slug":"team","status":"publish","type":"page","link":"https:\/\/filmconsult.de\/?page_id=28","title":{"rendered":"Team"},"content":{"rendered":"<p><strong>Gabriele Blome<\/strong>, Diplom-Kommunikationswirtin mit dem Schwerpunkt auf audiovisuelle Kommunikation, arbeitet als Autorin, Redakteurin und Referentin in der Filmbildung.<\/p>\n<p>Im Mittelpunkt ihrer Arbeit stehen seit 2006 edukative DVD-Projekte. F\u00fcr Verlage und Organisationen, die sich der Filmbildung verschrieben haben, betreut und entwickelt sie p\u00e4dagogische Begleitmaterialien f\u00fcr den Einsatz von Filmen in der schulischen Bildung, oder begleitet die Entstehung von Unterrichtsmaterialien redaktionell. Sie bietet au\u00dferdem Fortbildungen f\u00fcr Lehrer*innen zur Arbeit mit Filmen im Unterricht an. F\u00fcr <em>Vision Kino<\/em> \u00fcbernahm sie die Projektleitung (Redaktion, Licensing, Authoring, Vervielf\u00e4ltigung, PR) der DVD-Produktion <a href=\"https:\/\/www.visionkino.de\/unterrichtsmaterial\/didaktische-dvds\/dvd-film-verstehen-geschichte-holocaust\/\" target=\"_blank\" rel=\"noopener\"><em>Film verstehen | Geschichte: Holocaust<\/em><\/a> mit 8 umfangreichen Unterrichtsmodulen und 29 Filmausschnitten aus 8 Inszenierungen zum Thema Holocaust.<\/p>\n<p><a href=\"gabriele.blome@filmconsult.de\">gabriele.blome@filmconsult.de<\/a><\/p>\n<p><strong>Gert Rahn<\/strong> betreut alle Schritte der Produktion: Planung, Gestaltung, Realisation. Zu Kameraausbildung und Kommunikationsstudium gesellt sich bei ihm eine langj\u00e4hrige Erfahrung am Set, im Produktionsb\u00fcro und im Filmverleih. Konzeptentwicklung zum Marketing und Monitoring der Produktion liegen bei ihm in einer Hand.<\/p>\n<p>In den zur\u00fcckliegenden Jahren hat er sich neben Dreharbeiten vor allem mit der Realisation einer Vielzahl von DVD-Produktionen besch\u00e4ftigt, die eine zielf\u00fchrende Verbindung von technischem Verst\u00e4ndnis und themengerechter Umsetzung erfordern. Dazu z\u00e4hlen <em>MiniFilmClub<\/em> (DIF), <em>Alias Yederbeck<\/em> (HFF), <em>African Metropolis<\/em> (Goethe-Institut) oder die DVD Publikation <em><a href=\"http:\/\/www.topographie.de\/publikationen\/weitere-publikationen\/dvd-dgs\/\" target=\"_blank\" rel=\"noopener\">Topographie des Terrors<\/a><\/em> der Stiftung Topographie des Terrors, deren Herausforderung die vollst\u00e4ndige Umsetzung in Geb\u00e4rdensprache war.<\/p>\n<p><a href=\"gert.rahn@filmconsult.de\">gert.rahn@filmconsult.de<\/a><\/p>\n","protected":false},"excerpt":{"rendered":"<p>Gabriele Blome, Diplom-Kommunikationswirtin mit dem Schwerpunkt auf audiovisuelle Kommunikation, arbeitet als Autorin, Redakteurin und Referentin in der Filmbildung. Im Mittelpunkt ihrer Arbeit stehen seit 2006 edukative DVD-Projekte. F\u00fcr Verlage und Organisationen, die sich der Filmbildung verschrieben haben, betreut und entwickelt sie p\u00e4dagogische Begleitmaterialien f\u00fcr den Einsatz von Filmen in der schulischen Bildung, oder begleitet die&hellip; <\/p>\n<p><a class=\"moretag\" href=\"https:\/\/filmconsult.de\/?page_id=28\">Read the full article<\/a><\/p>\n","protected":false},"author":1,"featured_media":0,"parent":0,"menu_order":0,"comment_status":"closed","ping_status":"closed","template":"","meta":{"footnotes":""},"_links":{"self":[{"href":"https:\/\/filmconsult.de\/index.php?rest_route=\/wp\/v2\/pages\/28"}],"collection":[{"href":"https:\/\/filmconsult.de\/index.php?rest_route=\/wp\/v2\/pages"}],"about":[{"href":"https:\/\/filmconsult.de\/index.php?rest_route=\/wp\/v2\/types\/page"}],"author":[{"embeddable":true,"href":"https:\/\/filmconsult.de\/index.php?rest_route=\/wp\/v2\/users\/1"}],"replies":[{"embeddable":true,"href":"https:\/\/filmconsult.de\/index.php?rest_route=%2Fwp%2Fv2%2Fcomments&post=28"}],"version-history":[{"count":26,"href":"https:\/\/filmconsult.de\/index.php?rest_route=\/wp\/v2\/pages\/28\/revisions"}],"predecessor-version":[{"id":181,"href":"https:\/\/filmconsult.de\/index.php?rest_route=\/wp\/v2\/pages\/28\/revisions\/181"}],"wp:attachment":[{"href":"https:\/\/filmconsult.de\/index.php?rest_route=%2Fwp%2Fv2%2Fmedia&parent=28"}],"curies":[{"name":"wp","href":"https:\/\/api.w.org\/{rel}","templated":true}]}}