{"id":12,"date":"2018-05-16T13:18:44","date_gmt":"2018-05-16T13:18:44","guid":{"rendered":"http:\/\/demokratie.filmconsult.de\/?page_id=12"},"modified":"2020-03-24T12:35:39","modified_gmt":"2020-03-24T12:35:39","slug":"thema-demokratie","status":"publish","type":"page","link":"https:\/\/filmconsult.de\/?page_id=12","title":{"rendered":"Projekt Demokratie"},"content":{"rendered":"<p><strong>Demokratie : Mitgestalten<\/strong><\/p>\n<p>Die deutsche Demokratie, so scheint es vielen, ist in der Krise. Sie wenden sich ab, misstrauen demokratischen Strukturen und haben den Glauben an ein System, von dem sie sich nicht mehr repr\u00e4sentiert sehen, verloren. Stattdessen suchen sie Best\u00e4tigung in Meinungsblasen in Internetforen, wenden sich Populisten zu, die unsere weltoffene, Europa zugewandte Demokratie angreifen und verunglimpfen. Unser Projekt soll jungen Menschen Mut machen, sich f\u00fcr ihre Belange einzusetzen. Es soll ihnen zeigen, dass es in diesem Land durchaus m\u00f6glich ist, etwas anzusto\u00dfen und dass sich der Einsatz lohnt, auch wenn nicht immer alles wie gew\u00fcnscht in Erf\u00fcllung gehen kann.<\/p>\n<p>Demokratie hei\u00dft aus unserer Sicht, sich f\u00fcr vielf\u00e4ltige Interessen stark zu machen, vielleicht f\u00fcr die Mehrheit, aber nat\u00fcrlich oft auch f\u00fcr kleinere Teile der Bev\u00f6lkerung. Das mag den jeweils nicht bedachten Gruppen von Fall zu Fall wie eine Benachteiligung erscheinen, gleicht sich jedoch unter einer aufmerksam umsichtigen Administration aus. Unser Projekt soll M\u00f6glichkeiten lebendiger Beteiligung an demokratischen Prozessen zeigen und die Wichtigkeit der Einflussnahme jedes B\u00fcrgers verst\u00e4ndlich erkl\u00e4ren. Kurz gesagt: Weniger meckern \u2013 mehr gestalten und wertsch\u00e4tzen.<br \/>\nIm Moment planen wir zu diesem Thema f\u00fcr den Sommer\/Herbst die Produktion eines kurzen Films (20 Minuten), der dann ab Herbst in der Bildungsarbeit mit Jugendlichen in Schulen und in der au\u00dferschulischen Bildungsarbeit eingesetzt werden kann. Unser Ziel ist die Sensibilisierung jugendlicher Zuschauer*innen f\u00fcr die Wichtigkeit und den Nutzen der Demokratie in Deutschland \u2013 Mit dem klaren Appell: Mitgestalten!<\/p>\n<p><a href=\"demokratie@filmconsult.de\">demokratie@filmconsult.de<\/a><\/p>\n","protected":false},"excerpt":{"rendered":"<p>Demokratie : Mitgestalten Die deutsche Demokratie, so scheint es vielen, ist in der Krise. Sie wenden sich ab, misstrauen demokratischen Strukturen und haben den Glauben an ein System, von dem sie sich nicht mehr repr\u00e4sentiert sehen, verloren. Stattdessen suchen sie Best\u00e4tigung in Meinungsblasen in Internetforen, wenden sich Populisten zu, die unsere weltoffene, Europa zugewandte Demokratie&hellip; <\/p>\n<p><a class=\"moretag\" href=\"https:\/\/filmconsult.de\/?page_id=12\">Read the full article<\/a><\/p>\n","protected":false},"author":1,"featured_media":0,"parent":0,"menu_order":0,"comment_status":"closed","ping_status":"closed","template":"","meta":{"footnotes":""},"_links":{"self":[{"href":"https:\/\/filmconsult.de\/index.php?rest_route=\/wp\/v2\/pages\/12"}],"collection":[{"href":"https:\/\/filmconsult.de\/index.php?rest_route=\/wp\/v2\/pages"}],"about":[{"href":"https:\/\/filmconsult.de\/index.php?rest_route=\/wp\/v2\/types\/page"}],"author":[{"embeddable":true,"href":"https:\/\/filmconsult.de\/index.php?rest_route=\/wp\/v2\/users\/1"}],"replies":[{"embeddable":true,"href":"https:\/\/filmconsult.de\/index.php?rest_route=%2Fwp%2Fv2%2Fcomments&post=12"}],"version-history":[{"count":19,"href":"https:\/\/filmconsult.de\/index.php?rest_route=\/wp\/v2\/pages\/12\/revisions"}],"predecessor-version":[{"id":159,"href":"https:\/\/filmconsult.de\/index.php?rest_route=\/wp\/v2\/pages\/12\/revisions\/159"}],"wp:attachment":[{"href":"https:\/\/filmconsult.de\/index.php?rest_route=%2Fwp%2Fv2%2Fmedia&parent=12"}],"curies":[{"name":"wp","href":"https:\/\/api.w.org\/{rel}","templated":true}]}}